{"id":24,"date":"2012-06-14T20:31:04","date_gmt":"2012-06-14T20:31:04","guid":{"rendered":"http:\/\/ltwelschbillig.christianjunk.de\/?page_id=24"},"modified":"2023-06-25T12:26:43","modified_gmt":"2023-06-25T10:26:43","slug":"verein","status":"publish","type":"page","link":"https:\/\/www.ltwelschbillig.de\/?page_id=24","title":{"rendered":"Verein"},"content":{"rendered":"<p>Unser Lauftreff besteht seit 1996.\u00a0Unser Motto &#8222;Lauftreff Welschbillig &#8211; Aus Spa\u00df am Laufen&#8220; nehmen wir sehr ernst. Der Spa\u00df am Sport und die Geselligkeit d\u00fcrfen bei uns auf keinen Fall zu kurz kommen.<\/p>\n<p>H\u00f6hepunkt unserer j\u00e4hrlichen Vereinsarbeit ist der Viezfestlauf, der jeweils im\u00a0Oktober stattfindet und im Rahmen des\u00a0<a href=\"http:\/\/www.bit-laeufercup.de\/\" target=\"_blank\" rel=\"noopener\">Bitburger-L\u00e4ufercup<\/a>\u00a0veranstaltet wird.<\/p>\n<p>Wir sind eine fr\u00f6hliche, lustige Truppe.\u00a0Der gesundheitliche Aspekt steht bei allen Aktionen im Mittelpunkt. Bei uns ist jeder herzlich willkommen der genauso denkt.\u00a0Kommen Sie doch einfach zu einem unserer Angebote und schnuppern.<\/p>\n","protected":false},"excerpt":{"rendered":"<p>Unser Lauftreff besteht seit 1996.\u00a0Unser Motto &#8222;Lauftreff Welschbillig &#8211; Aus Spa\u00df am Laufen&#8220; nehmen wir sehr ernst. Der Spa\u00df am Sport und die Geselligkeit d\u00fcrfen bei uns auf keinen Fall zu kurz kommen. H\u00f6hepunkt unserer j\u00e4hrlichen Vereinsarbeit ist der Viezfestlauf, der jeweils im\u00a0Oktober stattfindet und im Rahmen des\u00a0Bitburger-L\u00e4ufercup\u00a0veranstaltet wird. Wir sind eine fr\u00f6hliche, lustige Truppe.\u00a0Der&hellip; <a class=\"more-link\" href=\"https:\/\/www.ltwelschbillig.de\/?page_id=24\"><span class=\"screen-reader-text\">Verein<\/span> weiterlesen<\/a><\/p>\n","protected":false},"author":2,"featured_media":0,"parent":0,"menu_order":1,"comment_status":"closed","ping_status":"open","template":"","meta":{"footnotes":""},"class_list":["post-24","page","type-page","status-publish","hentry","entry"],"_links":{"self":[{"href":"https:\/\/www.ltwelschbillig.de\/index.php?rest_route=\/wp\/v2\/pages\/24","targetHints":{"allow":["GET"]}}],"collection":[{"href":"https:\/\/www.ltwelschbillig.de\/index.php?rest_route=\/wp\/v2\/pages"}],"about":[{"href":"https:\/\/www.ltwelschbillig.de\/index.php?rest_route=\/wp\/v2\/types\/page"}],"author":[{"embeddable":true,"href":"https:\/\/www.ltwelschbillig.de\/index.php?rest_route=\/wp\/v2\/users\/2"}],"replies":[{"embeddable":true,"href":"https:\/\/www.ltwelschbillig.de\/index.php?rest_route=%2Fwp%2Fv2%2Fcomments&post=24"}],"version-history":[{"count":5,"href":"https:\/\/www.ltwelschbillig.de\/index.php?rest_route=\/wp\/v2\/pages\/24\/revisions"}],"predecessor-version":[{"id":3258,"href":"https:\/\/www.ltwelschbillig.de\/index.php?rest_route=\/wp\/v2\/pages\/24\/revisions\/3258"}],"wp:attachment":[{"href":"https:\/\/www.ltwelschbillig.de\/index.php?rest_route=%2Fwp%2Fv2%2Fmedia&parent=24"}],"curies":[{"name":"wp","href":"https:\/\/api.w.org\/{rel}","templated":true}]}}